{"id":6841,"date":"2025-05-23T09:10:14","date_gmt":"2025-05-23T08:10:14","guid":{"rendered":"https:\/\/www.leriredelarcenciel.fr\/Blog\/?page_id=6841"},"modified":"2025-05-23T09:12:27","modified_gmt":"2025-05-23T08:12:27","slug":"horaire-atelier-boutique","status":"publish","type":"page","link":"https:\/\/www.leriredelarcenciel.fr\/Blog\/horaire-atelier-boutique\/","title":{"rendered":"Horaires atelier-boutique"},"content":{"rendered":"\n<p>Vous \u00eates les bienvenus \u00e0 l&rsquo;atelier-boutique Le rire de l&rsquo;arc-en-ciel, situ\u00e9 au 17 rue des \u00celes &#8211; \u00cele Grande &#8211; 22560 Pleumeur-Bodou :<\/p>\n\n\n\n<figure class=\"wp-block-image size-large\"><img loading=\"lazy\" decoding=\"async\" width=\"709\" height=\"1024\" data-attachment-id=\"6842\" data-permalink=\"https:\/\/www.leriredelarcenciel.fr\/Blog\/horaire-atelier-boutique\/horaires-pour-site\/\" data-orig-file=\"https:\/\/www.leriredelarcenciel.fr\/Blog\/wp-content\/uploads\/2025\/05\/Horaires-pour-site.jpg\" data-orig-size=\"720,1040\" data-comments-opened=\"1\" data-image-meta=\"{&quot;aperture&quot;:&quot;0&quot;,&quot;credit&quot;:&quot;&quot;,&quot;camera&quot;:&quot;&quot;,&quot;caption&quot;:&quot;&quot;,&quot;created_timestamp&quot;:&quot;0&quot;,&quot;copyright&quot;:&quot;&quot;,&quot;focal_length&quot;:&quot;0&quot;,&quot;iso&quot;:&quot;0&quot;,&quot;shutter_speed&quot;:&quot;0&quot;,&quot;title&quot;:&quot;&quot;,&quot;orientation&quot;:&quot;0&quot;}\" data-image-title=\"Horaires pour site\" data-image-description=\"\" data-image-caption=\"\" data-medium-file=\"https:\/\/www.leriredelarcenciel.fr\/Blog\/wp-content\/uploads\/2025\/05\/Horaires-pour-site-208x300.jpg\" data-large-file=\"https:\/\/www.leriredelarcenciel.fr\/Blog\/wp-content\/uploads\/2025\/05\/Horaires-pour-site-709x1024.jpg\" src=\"https:\/\/www.leriredelarcenciel.fr\/Blog\/wp-content\/uploads\/2025\/05\/Horaires-pour-site-709x1024.jpg\" alt=\"\" class=\"wp-image-6842\" srcset=\"https:\/\/www.leriredelarcenciel.fr\/Blog\/wp-content\/uploads\/2025\/05\/Horaires-pour-site-709x1024.jpg 709w, https:\/\/www.leriredelarcenciel.fr\/Blog\/wp-content\/uploads\/2025\/05\/Horaires-pour-site-208x300.jpg 208w, https:\/\/www.leriredelarcenciel.fr\/Blog\/wp-content\/uploads\/2025\/05\/Horaires-pour-site-116x168.jpg 116w, https:\/\/www.leriredelarcenciel.fr\/Blog\/wp-content\/uploads\/2025\/05\/Horaires-pour-site.jpg 720w\" sizes=\"auto, (max-width: 709px) 100vw, 709px\" \/><\/figure>\n","protected":false},"excerpt":{"rendered":"<p>Vous \u00eates les bienvenus \u00e0 l&rsquo;atelier-boutique Le rire de l&rsquo;arc-en-ciel, situ\u00e9 au 17 rue des \u00celes &#8211; \u00cele Grande &#8211; 22560 Pleumeur-Bodou :<\/p>\n","protected":false},"author":1,"featured_media":0,"parent":0,"menu_order":0,"comment_status":"closed","ping_status":"closed","template":"","meta":{"jetpack_post_was_ever_published":false,"footnotes":""},"class_list":["post-6841","page","type-page","status-publish","hentry"],"jetpack_sharing_enabled":true,"jetpack_shortlink":"https:\/\/wp.me\/P4fKpm-1Ml","_links":{"self":[{"href":"https:\/\/www.leriredelarcenciel.fr\/Blog\/wp-json\/wp\/v2\/pages\/6841","targetHints":{"allow":["GET"]}}],"collection":[{"href":"https:\/\/www.leriredelarcenciel.fr\/Blog\/wp-json\/wp\/v2\/pages"}],"about":[{"href":"https:\/\/www.leriredelarcenciel.fr\/Blog\/wp-json\/wp\/v2\/types\/page"}],"author":[{"embeddable":true,"href":"https:\/\/www.leriredelarcenciel.fr\/Blog\/wp-json\/wp\/v2\/users\/1"}],"replies":[{"embeddable":true,"href":"https:\/\/www.leriredelarcenciel.fr\/Blog\/wp-json\/wp\/v2\/comments?post=6841"}],"version-history":[{"count":2,"href":"https:\/\/www.leriredelarcenciel.fr\/Blog\/wp-json\/wp\/v2\/pages\/6841\/revisions"}],"predecessor-version":[{"id":6845,"href":"https:\/\/www.leriredelarcenciel.fr\/Blog\/wp-json\/wp\/v2\/pages\/6841\/revisions\/6845"}],"wp:attachment":[{"href":"https:\/\/www.leriredelarcenciel.fr\/Blog\/wp-json\/wp\/v2\/media?parent=6841"}],"curies":[{"name":"wp","href":"https:\/\/api.w.org\/{rel}","templated":true}]}}