{"id":11,"date":"2013-09-12T10:54:59","date_gmt":"2013-09-12T09:54:59","guid":{"rendered":"http:\/\/www.leriredelarcenciel.fr\/Blog\/?page_id=11"},"modified":"2025-07-28T13:11:00","modified_gmt":"2025-07-28T12:11:00","slug":"potins","status":"publish","type":"page","link":"https:\/\/www.leriredelarcenciel.fr\/Blog\/potins\/","title":{"rendered":"Le rire de l&rsquo;arc-en-ciel"},"content":{"rendered":"<p><strong>Quelques mots\u00a0pour vous<\/strong><\/p>\n<p>J\u2019\u00e9cris ces pages pour les amoureuses et les amoureux des couleurs, pour les adultes rest\u00e9s enfants dans un coin de leur t\u00eate et pour les enfants pas press\u00e9s de grandir.<\/p>\n<p>J\u2019\u00e9cris aussi \u00e0 ceux qui connaissent ou qui souhaitent d\u00e9couvrir l\u2019Ile Grande.<\/p>\n<p>Le rire de l\u2019arc-en-ciel, c\u2019est l\u2019atelier boutique o\u00f9 j\u2019imagine et je confectionne des cr\u00e9ations color\u00e9es et originales : en broderie surtout et aussi \u00e0 partir de petits personnages, sous forme de bijoux, accessoires de mode, objets d\u00e9coratifs et tableaux. Un univers joyeux et po\u00e9tique ne craignant ni la grisaille ni la morosit\u00e9. Je vous ouvre les portes de mon atelier dans la rubrique<strong>\u00a0<\/strong><span style=\"color: #3366ff;\"><em><a style=\"color: #3366ff;\" href=\"https:\/\/www.leriredelarcenciel.fr\/Blog\/category\/dans-un-coin-de-l-atelier\/\" target=\"_blank\" rel=\"noopener\"><strong>Dans un coin de l&rsquo;atelier<\/strong><\/a><\/em><\/span><strong>. <\/strong>Vous y verrez la vie en rose, mais aussi en bleu, en vert, en jaune, en rouge<strong> \u2026<\/strong><\/p>\n<p><a href=\"https:\/\/www.leriredelarcenciel.fr\/Blog\/wp-content\/uploads\/2025\/07\/Les-creations-Le-rire-de-larc-en-ciel-2.jpg\" rel=\"attachment wp-att-1115\"><img loading=\"lazy\" decoding=\"async\" data-attachment-id=\"6866\" data-permalink=\"https:\/\/www.leriredelarcenciel.fr\/Blog\/potins\/les-creations-le-rire-de-larc-en-ciel-2\/\" data-orig-file=\"https:\/\/www.leriredelarcenciel.fr\/Blog\/wp-content\/uploads\/2025\/07\/Les-creations-Le-rire-de-larc-en-ciel-2.jpg\" data-orig-size=\"1887,680\" data-comments-opened=\"1\" data-image-meta=\"{&quot;aperture&quot;:&quot;0&quot;,&quot;credit&quot;:&quot;&quot;,&quot;camera&quot;:&quot;&quot;,&quot;caption&quot;:&quot;&quot;,&quot;created_timestamp&quot;:&quot;0&quot;,&quot;copyright&quot;:&quot;&quot;,&quot;focal_length&quot;:&quot;0&quot;,&quot;iso&quot;:&quot;0&quot;,&quot;shutter_speed&quot;:&quot;0&quot;,&quot;title&quot;:&quot;&quot;,&quot;orientation&quot;:&quot;0&quot;}\" data-image-title=\"Les cr\u00e9ations Le rire de l&amp;rsquo;arc-en-ciel 2\" data-image-description=\"\" data-image-caption=\"\" data-medium-file=\"https:\/\/www.leriredelarcenciel.fr\/Blog\/wp-content\/uploads\/2025\/07\/Les-creations-Le-rire-de-larc-en-ciel-2-300x108.jpg\" data-large-file=\"https:\/\/www.leriredelarcenciel.fr\/Blog\/wp-content\/uploads\/2025\/07\/Les-creations-Le-rire-de-larc-en-ciel-2-1024x369.jpg\" class=\"alignnone wp-image-6866 size-medium\" src=\"https:\/\/www.leriredelarcenciel.fr\/Blog\/wp-content\/uploads\/2025\/07\/Les-creations-Le-rire-de-larc-en-ciel-2-300x108.jpg\" alt=\"\" width=\"300\" height=\"108\" srcset=\"https:\/\/www.leriredelarcenciel.fr\/Blog\/wp-content\/uploads\/2025\/07\/Les-creations-Le-rire-de-larc-en-ciel-2-300x108.jpg 300w, https:\/\/www.leriredelarcenciel.fr\/Blog\/wp-content\/uploads\/2025\/07\/Les-creations-Le-rire-de-larc-en-ciel-2-1024x369.jpg 1024w, https:\/\/www.leriredelarcenciel.fr\/Blog\/wp-content\/uploads\/2025\/07\/Les-creations-Le-rire-de-larc-en-ciel-2-768x277.jpg 768w, https:\/\/www.leriredelarcenciel.fr\/Blog\/wp-content\/uploads\/2025\/07\/Les-creations-Le-rire-de-larc-en-ciel-2-1536x554.jpg 1536w, https:\/\/www.leriredelarcenciel.fr\/Blog\/wp-content\/uploads\/2025\/07\/Les-creations-Le-rire-de-larc-en-ciel-2-216x78.jpg 216w, https:\/\/www.leriredelarcenciel.fr\/Blog\/wp-content\/uploads\/2025\/07\/Les-creations-Le-rire-de-larc-en-ciel-2.jpg 1887w\" sizes=\"auto, (max-width: 300px) 100vw, 300px\" \/><\/a><\/p>\n<p>Le rire de l\u2019arc-en-ciel, c\u2019est aussi un lieu o\u00f9 j\u2019organise des <span style=\"color: #3366ff;\"><em><a style=\"color: #3366ff;\" href=\"https:\/\/www.leriredelarcenciel.fr\/Blog\/ateliers-creatifs-des-nouveautes-pour-2018\/\" target=\"_blank\" rel=\"noopener\"><strong>ateliers d\u00e9couvertes<\/strong><\/a><\/em><\/span> toute l\u2019ann\u00e9e pour celles et ceux qui veulent s\u2019essayer aux joies de la broderie et de la cr\u00e9ation artisanale diverse. N\u2019h\u00e9sitez pas \u00e0 me contacter pour plus de renseignements en me laissant un message sur la <em><span style=\"color: #3366ff;\"><strong><a style=\"color: #3366ff;\" href=\"https:\/\/www.leriredelarcenciel.fr\/Blog\/contact\/\" target=\"_blank\" rel=\"noopener\">page contact<\/a><\/strong><\/span><\/em>.<\/p>\n<p><a href=\"https:\/\/www.leriredelarcenciel.fr\/Blog\/wp-content\/uploads\/2025\/07\/Les-ateliers-decouverte-Le-rire-de-larc-en-ciel-2.jpg\" rel=\"attachment wp-att-1114\"><img loading=\"lazy\" decoding=\"async\" data-attachment-id=\"6865\" data-permalink=\"https:\/\/www.leriredelarcenciel.fr\/Blog\/potins\/les-ateliers-decouverte-le-rire-de-larc-en-ciel-2\/\" data-orig-file=\"https:\/\/www.leriredelarcenciel.fr\/Blog\/wp-content\/uploads\/2025\/07\/Les-ateliers-decouverte-Le-rire-de-larc-en-ciel-2.jpg\" data-orig-size=\"1887,680\" data-comments-opened=\"1\" data-image-meta=\"{&quot;aperture&quot;:&quot;0&quot;,&quot;credit&quot;:&quot;&quot;,&quot;camera&quot;:&quot;&quot;,&quot;caption&quot;:&quot;&quot;,&quot;created_timestamp&quot;:&quot;0&quot;,&quot;copyright&quot;:&quot;&quot;,&quot;focal_length&quot;:&quot;0&quot;,&quot;iso&quot;:&quot;0&quot;,&quot;shutter_speed&quot;:&quot;0&quot;,&quot;title&quot;:&quot;&quot;,&quot;orientation&quot;:&quot;0&quot;}\" data-image-title=\"Les ateliers d\u00e9couverte Le rire de l&amp;rsquo;arc-en-ciel 2\" data-image-description=\"\" data-image-caption=\"\" data-medium-file=\"https:\/\/www.leriredelarcenciel.fr\/Blog\/wp-content\/uploads\/2025\/07\/Les-ateliers-decouverte-Le-rire-de-larc-en-ciel-2-300x108.jpg\" data-large-file=\"https:\/\/www.leriredelarcenciel.fr\/Blog\/wp-content\/uploads\/2025\/07\/Les-ateliers-decouverte-Le-rire-de-larc-en-ciel-2-1024x369.jpg\" class=\"alignnone wp-image-6865 size-medium\" src=\"https:\/\/www.leriredelarcenciel.fr\/Blog\/wp-content\/uploads\/2025\/07\/Les-ateliers-decouverte-Le-rire-de-larc-en-ciel-2-300x108.jpg\" alt=\"\" width=\"300\" height=\"108\" srcset=\"https:\/\/www.leriredelarcenciel.fr\/Blog\/wp-content\/uploads\/2025\/07\/Les-ateliers-decouverte-Le-rire-de-larc-en-ciel-2-300x108.jpg 300w, https:\/\/www.leriredelarcenciel.fr\/Blog\/wp-content\/uploads\/2025\/07\/Les-ateliers-decouverte-Le-rire-de-larc-en-ciel-2-1024x369.jpg 1024w, https:\/\/www.leriredelarcenciel.fr\/Blog\/wp-content\/uploads\/2025\/07\/Les-ateliers-decouverte-Le-rire-de-larc-en-ciel-2-768x277.jpg 768w, https:\/\/www.leriredelarcenciel.fr\/Blog\/wp-content\/uploads\/2025\/07\/Les-ateliers-decouverte-Le-rire-de-larc-en-ciel-2-1536x554.jpg 1536w, https:\/\/www.leriredelarcenciel.fr\/Blog\/wp-content\/uploads\/2025\/07\/Les-ateliers-decouverte-Le-rire-de-larc-en-ciel-2-216x78.jpg 216w, https:\/\/www.leriredelarcenciel.fr\/Blog\/wp-content\/uploads\/2025\/07\/Les-ateliers-decouverte-Le-rire-de-larc-en-ciel-2.jpg 1887w\" sizes=\"auto, (max-width: 300px) 100vw, 300px\" \/><\/a><\/p>\n<p>J&rsquo;aime \u00e9galement faire d\u00e9couvrir le travail des autres cr\u00e9ateurs, artisans, artistes. Dans la rubrique\u00a0<span style=\"color: #3366ff;\"><em><a style=\"color: #3366ff;\" href=\"https:\/\/www.leriredelarcenciel.fr\/Blog\/category\/et-ailleurs-quoi-de-beau\/\" target=\"_blank\" rel=\"noopener\"><strong>Et ailleurs, quoi de beau ?<\/strong><\/a><\/em><\/span>, se trouvent donc mes rendez-vous sur les expositions et mes coups de coeur\u00a0 que je partage volontiers avec vous !<\/p>\n<p>Je vis et je travaille sur l&rsquo;Ile Grande, une \u00eele bretonne situ\u00e9e dans les C\u00f4tes d&rsquo;Armor, pr\u00e8s de la c\u00e9l\u00e8bre C\u00f4te de Granit Rose. Je me fais un plaisir d&rsquo;arpenter ses rues, ses sentiers et ses plages\u00a0avec vous, dans la rubrique\u00a0<em><span style=\"color: #3366ff;\"><a style=\"color: #3366ff;\" href=\"https:\/\/www.leriredelarcenciel.fr\/Blog\/category\/bons-baisers-de-l-ile-grande\/\" target=\"_blank\" rel=\"noopener\"><strong>Bons baisers de l&rsquo;Ile Grande<\/strong><\/a><\/span><\/em>.<\/p>\n<p><a href=\"https:\/\/www.leriredelarcenciel.fr\/Blog\/wp-content\/uploads\/2013\/09\/Les-photos-de-lIle-Grande-Le-rire-de-larc-en-ciel.jpg\" rel=\"attachment wp-att-1116\"><img loading=\"lazy\" decoding=\"async\" data-attachment-id=\"1116\" data-permalink=\"https:\/\/www.leriredelarcenciel.fr\/Blog\/potins\/les-photos-de-lile-grande-le-rire-de-larc-en-ciel\/\" data-orig-file=\"https:\/\/www.leriredelarcenciel.fr\/Blog\/wp-content\/uploads\/2013\/09\/Les-photos-de-lIle-Grande-Le-rire-de-larc-en-ciel.jpg\" data-orig-size=\"1887,680\" data-comments-opened=\"1\" data-image-meta=\"{&quot;aperture&quot;:&quot;0&quot;,&quot;credit&quot;:&quot;&quot;,&quot;camera&quot;:&quot;&quot;,&quot;caption&quot;:&quot;&quot;,&quot;created_timestamp&quot;:&quot;0&quot;,&quot;copyright&quot;:&quot;&quot;,&quot;focal_length&quot;:&quot;0&quot;,&quot;iso&quot;:&quot;0&quot;,&quot;shutter_speed&quot;:&quot;0&quot;,&quot;title&quot;:&quot;&quot;,&quot;orientation&quot;:&quot;0&quot;}\" data-image-title=\"Les photos de l&amp;rsquo;Ile Grande Le rire de l&amp;rsquo;arc-en-ciel\" data-image-description=\"\" data-image-caption=\"\" data-medium-file=\"https:\/\/www.leriredelarcenciel.fr\/Blog\/wp-content\/uploads\/2013\/09\/Les-photos-de-lIle-Grande-Le-rire-de-larc-en-ciel-300x108.jpg\" data-large-file=\"https:\/\/www.leriredelarcenciel.fr\/Blog\/wp-content\/uploads\/2013\/09\/Les-photos-de-lIle-Grande-Le-rire-de-larc-en-ciel-1024x369.jpg\" class=\"alignnone size-medium wp-image-1116\" src=\"https:\/\/www.leriredelarcenciel.fr\/Blog\/wp-content\/uploads\/2013\/09\/Les-photos-de-lIle-Grande-Le-rire-de-larc-en-ciel-300x108.jpg\" alt=\"Les photos de l'Ile Grande Le rire de l'arc-en-ciel\" width=\"300\" height=\"108\" srcset=\"https:\/\/www.leriredelarcenciel.fr\/Blog\/wp-content\/uploads\/2013\/09\/Les-photos-de-lIle-Grande-Le-rire-de-larc-en-ciel-300x108.jpg 300w, https:\/\/www.leriredelarcenciel.fr\/Blog\/wp-content\/uploads\/2013\/09\/Les-photos-de-lIle-Grande-Le-rire-de-larc-en-ciel-768x277.jpg 768w, https:\/\/www.leriredelarcenciel.fr\/Blog\/wp-content\/uploads\/2013\/09\/Les-photos-de-lIle-Grande-Le-rire-de-larc-en-ciel-1024x369.jpg 1024w, https:\/\/www.leriredelarcenciel.fr\/Blog\/wp-content\/uploads\/2013\/09\/Les-photos-de-lIle-Grande-Le-rire-de-larc-en-ciel-216x78.jpg 216w, https:\/\/www.leriredelarcenciel.fr\/Blog\/wp-content\/uploads\/2013\/09\/Les-photos-de-lIle-Grande-Le-rire-de-larc-en-ciel.jpg 1887w\" sizes=\"auto, (max-width: 300px) 100vw, 300px\" \/><\/a><\/p>\n<p>Et pour finir, au gr\u00e9 de mes voyages, rencontres, lectures et autres&#8230; je vous parle de choses et d\u2019autres&#8230; Rendez-vous dans la rubrique\u00a0<em><span style=\"color: #3366ff;\"><a style=\"color: #3366ff;\" href=\"https:\/\/www.leriredelarcenciel.fr\/Blog\/category\/et-aussi\/\" target=\"_blank\" rel=\"noopener\"><strong>Et aussi&#8230;<\/strong><\/a><\/span><\/em>\u00a0!<\/p>\n<p>N&rsquo;h\u00e9sitez pas \u00e0 parcourir les diff\u00e9rentes pages de mon blog et \u00e0 les commenter. Je serai ravie de vous lire&#8230;<\/p>\n<p><strong>Qui suis-je\u00a0?<\/strong><\/p>\n<p><strong>\u00a0<\/strong><\/p>\n<p>Je m\u2019appelle Claude. Comme vous l\u2019avez devin\u00e9, je suis artisane et brodeuse, et j\u2019ai le bonheur d\u2019habiter l\u2019Ile Grande. De plus :<\/p>\n<p><strong>J\u2019aime <\/strong>m\u00e9langer les mati\u00e8res et les couleurs au gr\u00e9 de mon imagination.<\/p>\n<p><strong>Et j\u2019aime aussi <\/strong>vous \u00e9couter et satisfaire vos d\u00e9sirs en r\u00e9alisant le bijou qui sera assorti \u00e0 votre tenue ou la d\u00e9coration qui s\u2019harmonisera parfaitement \u00e0 la chambre de votre enfant.<\/p>\n<p><strong>J\u2019aime<\/strong> faire marcher mes 10 doigts pour r\u00e9aliser ce que ma t\u00eate a imagin\u00e9.<\/p>\n<p><strong>Et j\u2019aime aussi<\/strong> vous guider lors d\u2019un atelier d\u00e9couverte, pour que vous repartiez de chez moi avec votre propre r\u00e9alisation.<\/p>\n<p><strong>J\u2019aime<\/strong> la saison touristique, quand les vacanciers, les curieux, les visiteurs et les clients passent le pas de ma porte, regardent, discutent, questionnent, ach\u00e8tent, et surtout repartent avec le sourire.<\/p>\n<p><strong>Et j\u2019aime aussi<\/strong> cr\u00e9er des nouveaut\u00e9s dans le calme de l\u2019atelier quand, les vacances envol\u00e9es, les visites se font plus rares.<\/p>\n<p><strong>J\u2019aime<\/strong> me servir de mes connaissances techniques pour cr\u00e9er de nouvelles choses.<\/p>\n<p><strong>Et j\u2019aime aussi<\/strong> d\u00e9couvrir, \u00e9tudier, tester de nouvelles techniques qui me feront \u00e9voluer dans mon travail.<\/p>\n<p><strong>J\u2019aime<\/strong> travailler dans mon atelier, porte grande ouverte d\u00e8s que la m\u00e9t\u00e9o est cl\u00e9mente.<\/p>\n<p><strong>Et j\u2019aime aussi<\/strong> arpenter les chemins de l\u2019Ile Grande\u2026 m\u00eame quand la m\u00e9t\u00e9o n\u2019est pas cl\u00e9mente\u00a0!<\/p>\n<p><strong>J\u2019aime<\/strong> \u00e9crire des articles qui seront lus par vous sur ce blog.<\/p>\n<p><strong>Et j\u2019aime aussi<\/strong> lire vos commentaires et y r\u00e9pondre\u2026 alors n\u2019h\u00e9sitez pas\u00a0!<\/p>\n","protected":false},"excerpt":{"rendered":"<p>Quelques mots\u00a0pour vous J\u2019\u00e9cris ces pages pour les amoureuses et les amoureux des couleurs, pour les adultes rest\u00e9s enfants dans un coin de leur t\u00eate et pour les enfants pas press\u00e9s de grandir. J\u2019\u00e9cris aussi \u00e0 ceux qui connaissent ou qui souhaitent d\u00e9couvrir l\u2019Ile Grande. Le rire de l\u2019arc-en-ciel, c\u2019est l\u2019atelier boutique o\u00f9 j\u2019imagine et [&hellip;]<\/p>\n","protected":false},"author":1,"featured_media":0,"parent":0,"menu_order":0,"comment_status":"closed","ping_status":"open","template":"","meta":{"jetpack_post_was_ever_published":false,"footnotes":""},"class_list":["post-11","page","type-page","status-publish","hentry"],"jetpack_sharing_enabled":true,"jetpack_shortlink":"https:\/\/wp.me\/P4fKpm-b","_links":{"self":[{"href":"https:\/\/www.leriredelarcenciel.fr\/Blog\/wp-json\/wp\/v2\/pages\/11","targetHints":{"allow":["GET"]}}],"collection":[{"href":"https:\/\/www.leriredelarcenciel.fr\/Blog\/wp-json\/wp\/v2\/pages"}],"about":[{"href":"https:\/\/www.leriredelarcenciel.fr\/Blog\/wp-json\/wp\/v2\/types\/page"}],"author":[{"embeddable":true,"href":"https:\/\/www.leriredelarcenciel.fr\/Blog\/wp-json\/wp\/v2\/users\/1"}],"replies":[{"embeddable":true,"href":"https:\/\/www.leriredelarcenciel.fr\/Blog\/wp-json\/wp\/v2\/comments?post=11"}],"version-history":[{"count":18,"href":"https:\/\/www.leriredelarcenciel.fr\/Blog\/wp-json\/wp\/v2\/pages\/11\/revisions"}],"predecessor-version":[{"id":6867,"href":"https:\/\/www.leriredelarcenciel.fr\/Blog\/wp-json\/wp\/v2\/pages\/11\/revisions\/6867"}],"wp:attachment":[{"href":"https:\/\/www.leriredelarcenciel.fr\/Blog\/wp-json\/wp\/v2\/media?parent=11"}],"curies":[{"name":"wp","href":"https:\/\/api.w.org\/{rel}","templated":true}]}}